{"id":2215,"date":"2024-07-25T00:25:50","date_gmt":"2024-07-24T22:25:50","guid":{"rendered":"https:\/\/feronarts.com\/?page_id=2215"},"modified":"2025-05-04T23:37:21","modified_gmt":"2025-05-04T21:37:21","slug":"billetterie","status":"publish","type":"page","link":"https:\/\/feronarts.com\/index.php\/billetterie\/","title":{"rendered":"Billetterie"},"content":{"rendered":"\t\t<div data-elementor-type=\"wp-page\" data-elementor-id=\"2215\" class=\"elementor elementor-2215\">\n\t\t\t\t<div class=\"elementor-element elementor-element-dc34682 e-con-full e-flex e-con e-parent\" data-id=\"dc34682\" data-element_type=\"container\" data-e-type=\"container\">\n\t\t\t\t<div class=\"elementor-element elementor-element-90ebd5c elementor-widget elementor-widget-html\" data-id=\"90ebd5c\" data-element_type=\"widget\" data-e-type=\"widget\" data-widget_type=\"html.default\">\n\t\t\t\t<div class=\"elementor-widget-container\">\n\t\t\t\t\t    <div class=\"infosprats\" style=\"\">\r\n        <div class=\"blocbilletterie\">\r\n            <div class=\"infosbilletterie infobilleteriegauche\" style=\"background-color: rgba(21, 86, 81, .05);\">\r\n                <h2 class=\"titrebilletterie\">LA BILLETTERIE DES IMPAIRES 2025<\/h2>\r\n                <p class=\"textebilletterie\">\r\n                    La billetterie est disponible sur la plateforme HelloAsso ; leur fonctionnement n\u2019est pas encore optimal pour une billetterie de festival tel que le n\u00f4tre mais on va y arriver !<br \/>\r\n                    Quelques infos : <span class=\"gras\">chaque billet est nominatif. Mais vous n'\u00eates pas oblig\u00e9s de noter les noms des diff\u00e9rents participants, vous pouvez garder le nom de la personne qui r\u00e9serve, pour l'ensemble des billets.<\/span>\r\n                    C'est ce nom-l\u00e0 que vous devrez donner \u00e0 la billetterie du festival pour retirer vos billets.<br \/>\r\n                    Nous vous rappelons que le don \u00e0 HelloAsso est en option. Vous pouvez choisir de ne rien donner !\r\n                    <br \/><br \/>\r\n                    - Une fois le paiement effectu\u00e9, <span>vous recevrez un mail de confirmation et vos tickets vous seront remis \u00e0 la caisse du festival<\/span> et avec le sourire en plus !\r\n                    <br \/><span>Vous n'avez donc pas besoin d'imprimer vos tickets<\/span>, votre nom, pr\u00e9nom et adresse mail suffira \u00e0 retirer les places \u00e0 la billetterie du festival.\r\n                    <br \/><br \/>\r\n                    <strong>Les tarifs :<\/strong><br \/><br \/>\r\n                    Un seul concert est payant ! Le tarif r\u00e9duit est \u00e0 3 \u20ac, le tarif plein \u00e0 5 \u20ac. Vous verrez appara\u00eetre la proposition d\u2019un \u00ab billet solidaire \u00e0 prix libre \u00bb (sup\u00e9rieur \u00e0 5 \u20ac) ;\r\n                    (infos sur Hello Asso)\r\n                <\/p>\r\n            <\/div>\r\n            <div class=\"visubilletterie\">\r\n                <div class=\"infosbilletterie infobilleteriedroite\" style=\"background-color: rgba(253, 183, 64);\">\r\n                    <p class=\"textebilletterie\">\r\n                        Les places sont \u00e0 retirer \u00e0 la billetterie au plus tard 30 min avant le d\u00e9but du spectacle :<br \/><br \/>\r\n                        - le 30 mai : \u00e0 partir de 19h30 \u00e0 la Grange pour le concert de Gabi Devilleneuve,<br \/>\r\n                        - le 31 mai \u00e0 partir de 10h \u00e0 l\u2019accueil du festival pour \u00ab Friterie mon Ami.e \u00bb<br \/><br \/>\r\n                        > Vous n'avez pas besoin d'imprimer vos billets, votre nom \/ pr\u00e9nom et adresse mail suffisent \u00e0 retirer vos places \u00e0 la billetterie<br \/><br \/>\r\n                        Besoin d'encore plus d'infos ?<br \/>\r\n                        <a href=\"mailto:feronarts@gmail.com\">feronarts@gmail.com<\/a>\r\n                        <br \/><br \/>\r\n                        <span class=\"italique\">>> En cas d\u2019intemp\u00e9ries, les spectacles ext\u00e9rieurs pourront \u00eatre annul\u00e9s.<\/span>\r\n                        <br \/><br \/>\r\n                        <span class=\"italique\">>> Pour le confort de tous, m\u00eame s\u2019il s\u2019agit de spectacles en rues, pensez \u00e0 couper vos portables ; aidez vos enfants \u00e0 rester attentifs durant les spectacles et respectez les \u00e2ges indiqu\u00e9s dans les descriptifs.<\/span>\r\n\r\n                    <\/p>\r\n                <\/div>\r\n            <\/div>\r\n        <\/div>\r\n        <div class=\"redirhelloasso\">\r\n                <span class=\"span1\">Pour acheter vos places, rendez-vous sur:<\/span>\r\n                <div class=\"span2\">ATTENTION! LES BILLETS NE SONT NI REPRIS NI \u00c9CHANG\u00c9S !<\/div>\r\n                <iframe id=\"haWidget\" allowtransparency=\"true\" scrolling=\"auto\" src=\"https:\/\/www.helloasso.com\/associations\/association-feron-arts\/evenements\/les-impair-e-s-des-feron-arts\/widget\" style=\"width: 100%; height: 750px; border: none;\"><\/iframe>\r\n        <\/div>\r\n    <\/div>\t\t\t\t<\/div>\n\t\t\t\t<\/div>\n\t\t<div class=\"elementor-element elementor-element-8ed4ab5 e-con-full e-flex e-con e-child\" data-id=\"8ed4ab5\" data-element_type=\"container\" data-e-type=\"container\">\n\t\t<div class=\"elementor-element elementor-element-3382d0e e-con-full elementor-hidden-desktop elementor-hidden-tablet elementor-hidden-mobile e-flex e-con e-child\" data-id=\"3382d0e\" data-element_type=\"container\" data-e-type=\"container\" data-settings=\"{&quot;background_background&quot;:&quot;classic&quot;}\">\n\t\t<div class=\"elementor-element elementor-element-f2d75db e-con-full e-flex e-con e-child\" data-id=\"f2d75db\" data-element_type=\"container\" data-e-type=\"container\">\n\t\t\t\t<div class=\"elementor-element elementor-element-edb4f5c elementor-widget elementor-widget-html\" data-id=\"edb4f5c\" data-element_type=\"widget\" data-e-type=\"widget\" data-widget_type=\"html.default\">\n\t\t\t\t<div class=\"elementor-widget-container\">\n\t\t\t\t\t<h2 style=\"font-family: 'bely-display'; text-transform: uppercase; color: #fff;\">Et quel tarif ?<\/h2>\t\t\t\t<\/div>\n\t\t\t\t<\/div>\n\t\t<div class=\"elementor-element elementor-element-8550548 e-con-full e-flex e-con e-child\" data-id=\"8550548\" data-element_type=\"container\" data-e-type=\"container\">\n\t\t<div class=\"elementor-element elementor-element-c6003e3 e-con-full e-flex e-con e-child\" data-id=\"c6003e3\" data-element_type=\"container\" data-e-type=\"container\">\n\t\t\t\t<div class=\"elementor-element elementor-element-7c66619 elementor-widget elementor-widget-html\" data-id=\"7c66619\" data-element_type=\"widget\" data-e-type=\"widget\" data-widget_type=\"html.default\">\n\t\t\t\t<div class=\"elementor-widget-container\">\n\t\t\t\t\t<div style=\"display: flex; justify-content: center;\">\n    <img decoding=\"async\" style=\"width: 15em;\" src=\"http:\/\/feronarts.com\/wp-content\/uploads\/2024\/07\/pastille-gratuit.png\">\n<\/div>\n<div style=\"margin-top: 2em;\">\n    <p style=\"text-align: center; font-family: lato; font-weight: 600; font-size: 1.2em; color: #fff;\">\n        Les spectacles en rue sont gratuits\n    <\/p>\n<\/div>\t\t\t\t<\/div>\n\t\t\t\t<\/div>\n\t\t\t\t<\/div>\n\t\t<div class=\"elementor-element elementor-element-68e9c74 e-con-full e-flex e-con e-child\" data-id=\"68e9c74\" data-element_type=\"container\" data-e-type=\"container\">\n\t\t\t\t<div class=\"elementor-element elementor-element-91c35d6 elementor-widget elementor-widget-html\" data-id=\"91c35d6\" data-element_type=\"widget\" data-e-type=\"widget\" data-widget_type=\"html.default\">\n\t\t\t\t<div class=\"elementor-widget-container\">\n\t\t\t\t\t<div style=\"display: flex; justify-content: center;\">\n    <img decoding=\"async\" style=\"width: 15em;\" src=\"http:\/\/feronarts.com\/wp-content\/uploads\/2024\/07\/pastille-payant.png\">\n<\/div>\n<div style=\"padding-top: 2em;\">\n    <p style=\"text-align: center; font-family: lato; font-size: 1.2em; color: #fff;\">\n        <span style=\"font-weight: 600; color: #fff;\">Les spectacles en salle sont payants<\/span><br><br>Plein tarif : 5\u20ac<br>Tarif r\u00e9duit : 3\u20ac<br>    <\/p><p style=\"font-style: italic; font-size: 1em; text-align: center; font-family: lato; color: #fff;\">(enfant de moins de 8 ans, \u00e9tudiants et demandeurs d'emploi) sur pr\u00e9sentation d'un justificatif au retrait des billets<\/p>\n\n<\/div>\t\t\t\t<\/div>\n\t\t\t\t<\/div>\n\t\t\t\t<\/div>\n\t\t\t\t<\/div>\n\t\t\t\t<\/div>\n\t\t\t\t<\/div>\n\t\t\t\t<\/div>\n\t\t<div class=\"elementor-element elementor-element-44dec21 e-con-full elementor-hidden-desktop elementor-hidden-tablet elementor-hidden-mobile e-flex e-con e-child\" data-id=\"44dec21\" data-element_type=\"container\" data-e-type=\"container\">\n\t\t<div class=\"elementor-element elementor-element-9f674b9 e-con-full e-flex e-con e-child\" data-id=\"9f674b9\" data-element_type=\"container\" data-e-type=\"container\">\n\t\t\t\t<div class=\"elementor-element elementor-element-48755c6 elementor-widget elementor-widget-html\" data-id=\"48755c6\" data-element_type=\"widget\" data-e-type=\"widget\" data-widget_type=\"html.default\">\n\t\t\t\t<div class=\"elementor-widget-container\">\n\t\t\t\t\t<div>\n<h2 style=\"font-family: 'bely-display'; text-transform: uppercase; color: #383f4c;\">\n    O\u00f9 acheter ses billets ?\n<\/h2>\n<p>\n    Vous d\u00e9couvrez la programmation et vous ne savez comment r\u00e9server vos places ?<br>\n- en pr\u00e9 -vente, \u00e0 la Grange-Cabaret, au 12 rue du calvaire \u00e0 F\u00e9ron : les samedis 27 juillet et 10 ao\u00fbt de 10h \u00e0 17h.<br>\n- en ligne d\u00e8s le samedi 27 juillet\n<\/p>\n<p>\n    Seul 1\/3 des places disponibles sera accessible en pr\u00e9-vente.<br><br>\n\nA compter du mercredi 14 ao\u00fbt \u00e0 11h, la billetterie sera ouverte au Point Accueil pendant ses heures d'ouverture ( de 11h \u00e0 19h30 ) . De plus, la vente des billets reprendra 30 minutes, en fonction des jauges restantes, avant le d\u00e9but de chaque spectacle, \u00e0 l'entr\u00e9e de chaque lieu.\n<\/p>\n<\/div>\t\t\t\t<\/div>\n\t\t\t\t<\/div>\n\t\t\t\t<\/div>\n\t\t<div class=\"elementor-element elementor-element-b564e9f e-con-full e-flex e-con e-child\" data-id=\"b564e9f\" data-element_type=\"container\" data-e-type=\"container\">\n\t\t\t\t<div class=\"elementor-element elementor-element-b4be1be elementor-widget elementor-widget-button\" data-id=\"b4be1be\" data-element_type=\"widget\" data-e-type=\"widget\" data-widget_type=\"button.default\">\n\t\t\t\t<div class=\"elementor-widget-container\">\n\t\t\t\t\t\t\t\t\t<div class=\"elementor-button-wrapper\">\n\t\t\t\t\t<a class=\"elementor-button elementor-button-link elementor-size-sm elementor-animation-grow\" href=\"https:\/\/www.helloasso.com\/associations\/association-feron-arts\/evenements\/les-feron-arts-le-festival-a-coucher-dehors\">\n\t\t\t\t\t\t<span class=\"elementor-button-content-wrapper\">\n\t\t\t\t\t\t\t\t\t<span class=\"elementor-button-text\">Billetterie<\/span>\n\t\t\t\t\t<\/span>\n\t\t\t\t\t<\/a>\n\t\t\t\t<\/div>\n\t\t\t\t\t\t\t\t<\/div>\n\t\t\t\t<\/div>\n\t\t\t\t<\/div>\n\t\t\t\t<\/div>\n\t\t\t\t<\/div>\n\t\t\t\t<\/div>\n\t\t","protected":false},"excerpt":{"rendered":"<p>LA BILLETTERIE DES IMPAIRES 2025 La billetterie est disponible sur la plateforme HelloAsso ; leur fonctionnement n\u2019est pas encore optimal pour une billetterie de festival tel que le n\u00f4tre mais on va y arriver ! Quelques infos : chaque billet est nominatif. Mais vous n&rsquo;\u00eates pas oblig\u00e9s de noter les noms des diff\u00e9rents participants, vous [&hellip;]<\/p>\n","protected":false},"author":1,"featured_media":0,"parent":0,"menu_order":0,"comment_status":"closed","ping_status":"closed","template":"","meta":{"footnotes":""},"class_list":["post-2215","page","type-page","status-publish","hentry"],"_links":{"self":[{"href":"https:\/\/feronarts.com\/index.php\/wp-json\/wp\/v2\/pages\/2215","targetHints":{"allow":["GET"]}}],"collection":[{"href":"https:\/\/feronarts.com\/index.php\/wp-json\/wp\/v2\/pages"}],"about":[{"href":"https:\/\/feronarts.com\/index.php\/wp-json\/wp\/v2\/types\/page"}],"author":[{"embeddable":true,"href":"https:\/\/feronarts.com\/index.php\/wp-json\/wp\/v2\/users\/1"}],"replies":[{"embeddable":true,"href":"https:\/\/feronarts.com\/index.php\/wp-json\/wp\/v2\/comments?post=2215"}],"version-history":[{"count":61,"href":"https:\/\/feronarts.com\/index.php\/wp-json\/wp\/v2\/pages\/2215\/revisions"}],"predecessor-version":[{"id":2719,"href":"https:\/\/feronarts.com\/index.php\/wp-json\/wp\/v2\/pages\/2215\/revisions\/2719"}],"wp:attachment":[{"href":"https:\/\/feronarts.com\/index.php\/wp-json\/wp\/v2\/media?parent=2215"}],"curies":[{"name":"wp","href":"https:\/\/api.w.org\/{rel}","templated":true}]}}