{"id":412,"date":"2024-07-03T22:41:20","date_gmt":"2024-07-03T20:41:20","guid":{"rendered":"https:\/\/feronarts.com\/?page_id=412"},"modified":"2025-05-04T19:55:30","modified_gmt":"2025-05-04T17:55:30","slug":"adhesion-et-mecenat","status":"publish","type":"page","link":"https:\/\/feronarts.com\/index.php\/adhesion-et-mecenat\/","title":{"rendered":"Partenariat et M\u00e9c\u00e9nat"},"content":{"rendered":"\t\t<div data-elementor-type=\"wp-page\" data-elementor-id=\"412\" class=\"elementor elementor-412\">\n\t\t\t\t<div class=\"elementor-element elementor-element-93fc62e e-flex e-con-boxed e-con e-parent\" data-id=\"93fc62e\" data-element_type=\"container\" data-e-type=\"container\">\n\t\t\t\t\t<div class=\"e-con-inner\">\n\t\t\t\t<div class=\"elementor-element elementor-element-26898da elementor-widget elementor-widget-text-editor\" data-id=\"26898da\" data-element_type=\"widget\" data-e-type=\"widget\" data-widget_type=\"text-editor.default\">\n\t\t\t\t<div class=\"elementor-widget-container\">\n\t\t\t\t\t\t\t\t\t<h2 style=\"font-family: 'bely-display'; text-transform: uppercase; color: #383f4c; \/*background-color: #e7450f; *\/ padding: 5px 10px; width: fit-content; transform: rotate(-.3deg);\">Devenir m\u00e9c\u00e8ne : pourquoi s&rsquo;engager ?<\/h2>\t\t\t\t\t\t\t\t<\/div>\n\t\t\t\t<\/div>\n\t\t<div class=\"elementor-element elementor-element-82f9d5d e-con-full e-flex e-con e-child\" data-id=\"82f9d5d\" data-element_type=\"container\" data-e-type=\"container\">\n\t\t<div class=\"elementor-element elementor-element-ca54be0 e-con-full e-flex e-con e-child\" data-id=\"ca54be0\" data-element_type=\"container\" data-e-type=\"container\">\n\t\t\t\t<div class=\"elementor-element elementor-element-724368e elementor-widget elementor-widget-html\" data-id=\"724368e\" data-element_type=\"widget\" data-e-type=\"widget\" data-widget_type=\"html.default\">\n\t\t\t\t<div class=\"elementor-widget-container\">\n\t\t\t\t\t<p style=\"font-family: lato; font-weight: 500; color: #383f4c;\">\nAvec son festival \u00e9clectique, Les F\u00e9ron\u2019Arts se battent chaque ann\u00e9e pour maintenir \u00e0 l\u2019\u00e9quilibre son budget en pr\u00e9servant les valeurs qu\u2019elle d\u00e9fend \u00e0 l\u2019ann\u00e9e \u00e0 travers ses divers \u00e9v\u00e9nements et actions.\n<br><br>\nAnn\u00e9e apr\u00e8s ann\u00e9e, la r\u00e9ussite du Festival F\u00e9ron\u2019Arts doit beaucoup \u00e0 son unicit\u00e9, au s\u00e9rieux des \u00e9quipes d\u2019organisation, et au soutien des m\u00e9c\u00e8nes et partenaires de l\u2019\u00e9v\u00e9nement.<br><br>\nDans le contexte actuel o\u00f9 les financements de la culture et du spectacle vivant se r\u00e9duisent, \u00eatre m\u00e9c\u00e8ne du Festival Les Impair (e) s des F\u00e9ron\u2019Arts, c'est, plus que jamais, soutenir un projet culturel de territoire dynamique et f\u00e9d\u00e9rateur ainsi que ses choix artistiques qui r\u00e9enchantent notre humanit\u00e9 et nous rassemblent !<br><br> \nEn faisant un don \u00e0 l\u2019association, vous nous aiderez \u00e0 maintenir cette formidable dynamique existant sur notre cher territoire rural.<br><br>\nLe m\u00e9c\u00e9nat des particuliers ouvre droit \u00e0 une r\u00e9duction d\u2019imp\u00f4ts \u00e9gale \u00e0 66 % des sommes vers\u00e9es, retenue dans la limite de 20% de votre revenu imposable. L\u2019association, reconnue d\u2019int\u00e9r\u00eat g\u00e9n\u00e9ral, vous fournira une attestation conforme aux attentes des services fiscaux.<br><br>\n<strong>Un don de 100 \u20ac vous co\u00fbtera en r\u00e9alit\u00e9 34 \u20ac apr\u00e8s d\u00e9duction fiscale !<\/strong> \n<br><br>\n\nLien utile : <a style=\"color: #155651; text-decoration: underline;\" href=\"https:\/\/entreprendre.service-public.fr\/vosdroits\/F22263\">Infos M\u00e9c\u00e9nat d\u2019entreprises<\/a><br><br>\nPour nous soutenir, vous pouvez r\u00e9aliser un don <a href=\"https:\/\/www.helloasso.com\/associations\/association-feron-arts\/formulaires\/3\" style=\"color: #155651; text-decoration: underline;\">ici<\/a>\n<\/p>\t\t\t\t<\/div>\n\t\t\t\t<\/div>\n\t\t\t\t<div class=\"elementor-element elementor-element-a85cd7e elementor-widget elementor-widget-html\" data-id=\"a85cd7e\" data-element_type=\"widget\" data-e-type=\"widget\" data-widget_type=\"html.default\">\n\t\t\t\t<div class=\"elementor-widget-container\">\n\t\t\t\t\t<p style=\"padding: 1em; background-color: rgba(21, 86, 81, .8); color: #fff; font-family: lato; font-weight: 300; font-style: italic; font-size: 1.1em;\">\n    \" S\u2019associer au Festival F\u00e9ron\u2019Arts, \u00e9v\u00e9nement estival incontournable en Hauts de France, c\u2019est participer \u00e0 la mise en lumi\u00e8re de notre Sud Avesnois trop souvent d\u00e9cri\u00e9 !<br><br>\n\nC\u2019est rendre \u00e0 ses collaborateurs, la fiert\u00e9 d\u2019appartenir \u00e0 ce territoire riche de nombreuses initiatives ! \"\n<\/p>\t\t\t\t<\/div>\n\t\t\t\t<\/div>\n\t\t\t\t<\/div>\n\t\t<div class=\"elementor-element elementor-element-46b92dc e-con-full e-flex e-con e-child\" data-id=\"46b92dc\" data-element_type=\"container\" data-e-type=\"container\">\n\t\t\t\t<div class=\"elementor-element elementor-element-5e69033 elementor-widget elementor-widget-html\" data-id=\"5e69033\" data-element_type=\"widget\" data-e-type=\"widget\" data-widget_type=\"html.default\">\n\t\t\t\t<div class=\"elementor-widget-container\">\n\t\t\t\t\t<div style=\"padding: 1em; background-color: rgba(255, 204, 51, .8); color: #383f4c; font-family: lato; font-weight: 300;\">\n    <p>\n        <span style=\"font-weight:600;\">Les F\u00e9ron'Arts en 2024<\/span><br><br>\n        Plus de <strong>28 ans<\/strong> d\u2019existence<br>\nPlus de <strong>10 000<\/strong> festivaliers<br>\n<strong>120<\/strong> b\u00e9n\u00e9voles mobilis\u00e9s pour faire\nrayonner ce festival bien au-del\u00e0 de\nnotre territoire<br>\n\u2500\u2500\u2500\u2500<br>\n<strong>20<\/strong> compagnies accueillies<br>\n<strong>40<\/strong> repr\u00e9sentations<br>\n<strong>50<\/strong> artistes artisans install\u00e9s chez\nl\u2019habitant<br>\n<strong>1<\/strong> compagnie professionnelle du\nterritoire associ\u00e9e<br>\n\u2500\u2500\u2500\u2500<br>\nDes temps de m\u00e9diations culturelles<br>\nDes aides \u00e0 la cr\u00e9ation<br>\nDes ateliers participatifs<br>\nDes ateliers \u00ab sc\u00e9nographie \u00bb en amont\ndu festival m\u00ealant des\npublics d\u2019origine sociale et\nculturelle diff\u00e9rentes<br>\n\n    <\/p>\n<\/div>\t\t\t\t<\/div>\n\t\t\t\t<\/div>\n\t\t\t\t<\/div>\n\t\t\t\t<\/div>\n\t\t\t\t\t<\/div>\n\t\t\t\t<\/div>\n\t\t<div class=\"elementor-element elementor-element-1d8e506 e-flex e-con-boxed e-con e-parent\" data-id=\"1d8e506\" data-element_type=\"container\" data-e-type=\"container\" data-settings=\"{&quot;background_background&quot;:&quot;classic&quot;}\">\n\t\t\t\t\t<div class=\"e-con-inner\">\n\t\t\t\t<div class=\"elementor-element elementor-element-8457300 elementor-widget elementor-widget-html\" data-id=\"8457300\" data-element_type=\"widget\" data-e-type=\"widget\" data-widget_type=\"html.default\">\n\t\t\t\t<div class=\"elementor-widget-container\">\n\t\t\t\t\t<h2 style=\"font-family: 'bely-display'; text-transform: uppercase; color: #383f4c; \/*background-color: #e7450f; *\/ padding: 5px 10px; width: fit-content; transform: rotate(-.3deg);\">Nos soutiens institutionnels :<\/h2>\t\t\t\t<\/div>\n\t\t\t\t<\/div>\n\t\t<div class=\"elementor-element elementor-element-469cba1 e-grid e-con-full e-con e-child\" data-id=\"469cba1\" data-element_type=\"container\" data-e-type=\"container\">\n\t\t\t\t<div class=\"elementor-element elementor-element-b90de99 elementor-widget elementor-widget-image\" data-id=\"b90de99\" data-element_type=\"widget\" data-e-type=\"widget\" data-widget_type=\"image.default\">\n\t\t\t\t<div class=\"elementor-widget-container\">\n\t\t\t\t\t\t\t\t\t\t\t\t\t\t\t<img fetchpriority=\"high\" decoding=\"async\" width=\"300\" height=\"236\" src=\"https:\/\/feronarts.com\/wp-content\/uploads\/2024\/07\/logo-prefet_1@4x-300x236.png\" class=\"attachment-medium size-medium wp-image-2057\" alt=\"\" srcset=\"https:\/\/feronarts.com\/wp-content\/uploads\/2024\/07\/logo-prefet_1@4x-300x236.png 300w, https:\/\/feronarts.com\/wp-content\/uploads\/2024\/07\/logo-prefet_1@4x.png 461w\" sizes=\"(max-width: 300px) 100vw, 300px\" \/>\t\t\t\t\t\t\t\t\t\t\t\t\t\t\t<\/div>\n\t\t\t\t<\/div>\n\t\t\t\t<div class=\"elementor-element elementor-element-634056f elementor-widget elementor-widget-image\" data-id=\"634056f\" data-element_type=\"widget\" data-e-type=\"widget\" data-widget_type=\"image.default\">\n\t\t\t\t<div class=\"elementor-widget-container\">\n\t\t\t\t\t\t\t\t\t\t\t\t\t\t\t<img decoding=\"async\" width=\"362\" height=\"362\" src=\"https:\/\/feronarts.com\/wp-content\/uploads\/2024\/07\/region-hdf@4x.png\" class=\"attachment-large size-large wp-image-2059\" alt=\"\" srcset=\"https:\/\/feronarts.com\/wp-content\/uploads\/2024\/07\/region-hdf@4x.png 362w, https:\/\/feronarts.com\/wp-content\/uploads\/2024\/07\/region-hdf@4x-300x300.png 300w, https:\/\/feronarts.com\/wp-content\/uploads\/2024\/07\/region-hdf@4x-150x150.png 150w\" sizes=\"(max-width: 362px) 100vw, 362px\" \/>\t\t\t\t\t\t\t\t\t\t\t\t\t\t\t<\/div>\n\t\t\t\t<\/div>\n\t\t\t\t<div class=\"elementor-element elementor-element-60098cc elementor-widget elementor-widget-image\" data-id=\"60098cc\" data-element_type=\"widget\" data-e-type=\"widget\" data-widget_type=\"image.default\">\n\t\t\t\t<div class=\"elementor-widget-container\">\n\t\t\t\t\t\t\t\t\t\t\t\t\t\t\t<img decoding=\"async\" width=\"526\" height=\"362\" src=\"https:\/\/feronarts.com\/wp-content\/uploads\/2024\/07\/departement-nord@4x.png\" class=\"attachment-large size-large wp-image-2053\" alt=\"\" srcset=\"https:\/\/feronarts.com\/wp-content\/uploads\/2024\/07\/departement-nord@4x.png 526w, https:\/\/feronarts.com\/wp-content\/uploads\/2024\/07\/departement-nord@4x-300x206.png 300w\" sizes=\"(max-width: 526px) 100vw, 526px\" \/>\t\t\t\t\t\t\t\t\t\t\t\t\t\t\t<\/div>\n\t\t\t\t<\/div>\n\t\t\t\t<div class=\"elementor-element elementor-element-cec4a86 elementor-widget elementor-widget-image\" data-id=\"cec4a86\" data-element_type=\"widget\" data-e-type=\"widget\" data-widget_type=\"image.default\">\n\t\t\t\t<div class=\"elementor-widget-container\">\n\t\t\t\t\t\t\t\t\t\t\t\t\t\t\t<img loading=\"lazy\" decoding=\"async\" width=\"505\" height=\"362\" src=\"https:\/\/feronarts.com\/wp-content\/uploads\/2024\/07\/comcom-sud-avesnois@4x.png\" class=\"attachment-large size-large wp-image-2052\" alt=\"\" srcset=\"https:\/\/feronarts.com\/wp-content\/uploads\/2024\/07\/comcom-sud-avesnois@4x.png 505w, https:\/\/feronarts.com\/wp-content\/uploads\/2024\/07\/comcom-sud-avesnois@4x-300x215.png 300w\" sizes=\"(max-width: 505px) 100vw, 505px\" \/>\t\t\t\t\t\t\t\t\t\t\t\t\t\t\t<\/div>\n\t\t\t\t<\/div>\n\t\t\t\t<div class=\"elementor-element elementor-element-daee4b4 elementor-widget elementor-widget-image\" data-id=\"daee4b4\" data-element_type=\"widget\" data-e-type=\"widget\" data-widget_type=\"image.default\">\n\t\t\t\t<div class=\"elementor-widget-container\">\n\t\t\t\t\t\t\t\t\t\t\t\t\t\t\t<img loading=\"lazy\" decoding=\"async\" width=\"462\" height=\"362\" src=\"https:\/\/feronarts.com\/wp-content\/uploads\/2024\/07\/logo-feron@4x.png\" class=\"attachment-large size-large wp-image-2056\" alt=\"\" srcset=\"https:\/\/feronarts.com\/wp-content\/uploads\/2024\/07\/logo-feron@4x.png 462w, https:\/\/feronarts.com\/wp-content\/uploads\/2024\/07\/logo-feron@4x-300x235.png 300w\" sizes=\"(max-width: 462px) 100vw, 462px\" \/>\t\t\t\t\t\t\t\t\t\t\t\t\t\t\t<\/div>\n\t\t\t\t<\/div>\n\t\t\t\t<div class=\"elementor-element elementor-element-5d4af34 elementor-widget elementor-widget-image\" data-id=\"5d4af34\" data-element_type=\"widget\" data-e-type=\"widget\" data-widget_type=\"image.default\">\n\t\t\t\t<div class=\"elementor-widget-container\">\n\t\t\t\t\t\t\t\t\t\t\t\t\t\t\t<img loading=\"lazy\" decoding=\"async\" width=\"457\" height=\"362\" src=\"https:\/\/feronarts.com\/wp-content\/uploads\/2024\/07\/avesnois-tourisme@4x.png\" class=\"attachment-large size-large wp-image-2051\" alt=\"\" srcset=\"https:\/\/feronarts.com\/wp-content\/uploads\/2024\/07\/avesnois-tourisme@4x.png 457w, https:\/\/feronarts.com\/wp-content\/uploads\/2024\/07\/avesnois-tourisme@4x-300x238.png 300w\" sizes=\"(max-width: 457px) 100vw, 457px\" \/>\t\t\t\t\t\t\t\t\t\t\t\t\t\t\t<\/div>\n\t\t\t\t<\/div>\n\t\t\t\t<div class=\"elementor-element elementor-element-940ea67 elementor-widget elementor-widget-image\" data-id=\"940ea67\" data-element_type=\"widget\" data-e-type=\"widget\" data-widget_type=\"image.default\">\n\t\t\t\t<div class=\"elementor-widget-container\">\n\t\t\t\t\t\t\t\t\t\t\t\t\t\t\t<img loading=\"lazy\" decoding=\"async\" width=\"330\" height=\"153\" src=\"https:\/\/feronarts.com\/wp-content\/uploads\/2024\/07\/images-1.png\" class=\"attachment-large size-large wp-image-2060\" alt=\"\" srcset=\"https:\/\/feronarts.com\/wp-content\/uploads\/2024\/07\/images-1.png 330w, https:\/\/feronarts.com\/wp-content\/uploads\/2024\/07\/images-1-300x139.png 300w\" sizes=\"(max-width: 330px) 100vw, 330px\" \/>\t\t\t\t\t\t\t\t\t\t\t\t\t\t\t<\/div>\n\t\t\t\t<\/div>\n\t\t\t\t<\/div>\n\t\t\t\t\t<\/div>\n\t\t\t\t<\/div>\n\t\t<div class=\"elementor-element elementor-element-2a05c5c e-flex e-con-boxed e-con e-parent\" data-id=\"2a05c5c\" data-element_type=\"container\" data-e-type=\"container\" data-settings=\"{&quot;background_background&quot;:&quot;classic&quot;}\">\n\t\t\t\t\t<div class=\"e-con-inner\">\n\t\t\t\t<div class=\"elementor-element elementor-element-cd5b339 elementor-widget elementor-widget-html\" data-id=\"cd5b339\" data-element_type=\"widget\" data-e-type=\"widget\" data-widget_type=\"html.default\">\n\t\t\t\t<div class=\"elementor-widget-container\">\n\t\t\t\t\t<h2 style=\"font-family: 'bely-display'; text-transform: uppercase; color: #383f4c; \/*background-color: #e7450f; *\/ padding: 5px 10px; width: fit-content; transform: rotate(-.3deg);\">Avec le soutien :<\/h2>\t\t\t\t<\/div>\n\t\t\t\t<\/div>\n\t\t<div class=\"elementor-element elementor-element-d7d79a6 e-grid e-con-full e-con e-child\" data-id=\"d7d79a6\" data-element_type=\"container\" data-e-type=\"container\">\n\t\t\t\t<div class=\"elementor-element elementor-element-d9087b8 elementor-widget elementor-widget-image\" data-id=\"d9087b8\" data-element_type=\"widget\" data-e-type=\"widget\" data-widget_type=\"image.default\">\n\t\t\t\t<div class=\"elementor-widget-container\">\n\t\t\t\t\t\t\t\t\t\t\t\t\t\t\t<img loading=\"lazy\" decoding=\"async\" width=\"353\" height=\"387\" src=\"https:\/\/feronarts.com\/wp-content\/uploads\/2024\/07\/fourmies-ville@4x.png\" class=\"attachment-large size-large wp-image-2055\" alt=\"\" srcset=\"https:\/\/feronarts.com\/wp-content\/uploads\/2024\/07\/fourmies-ville@4x.png 353w, https:\/\/feronarts.com\/wp-content\/uploads\/2024\/07\/fourmies-ville@4x-274x300.png 274w\" sizes=\"(max-width: 353px) 100vw, 353px\" \/>\t\t\t\t\t\t\t\t\t\t\t\t\t\t\t<\/div>\n\t\t\t\t<\/div>\n\t\t\t\t<div class=\"elementor-element elementor-element-4f91c68 elementor-widget elementor-widget-image\" data-id=\"4f91c68\" data-element_type=\"widget\" data-e-type=\"widget\" data-widget_type=\"image.default\">\n\t\t\t\t<div class=\"elementor-widget-container\">\n\t\t\t\t\t\t\t\t\t\t\t\t\t\t\t<img loading=\"lazy\" decoding=\"async\" width=\"301\" height=\"345\" src=\"https:\/\/feronarts.com\/wp-content\/uploads\/2024\/07\/emmaus-france@4x.png\" class=\"attachment-large size-large wp-image-2054\" alt=\"\" srcset=\"https:\/\/feronarts.com\/wp-content\/uploads\/2024\/07\/emmaus-france@4x.png 301w, https:\/\/feronarts.com\/wp-content\/uploads\/2024\/07\/emmaus-france@4x-262x300.png 262w\" sizes=\"(max-width: 301px) 100vw, 301px\" \/>\t\t\t\t\t\t\t\t\t\t\t\t\t\t\t<\/div>\n\t\t\t\t<\/div>\n\t\t\t\t<div class=\"elementor-element elementor-element-1c30671 elementor-widget elementor-widget-image\" data-id=\"1c30671\" data-element_type=\"widget\" data-e-type=\"widget\" data-widget_type=\"image.default\">\n\t\t\t\t<div class=\"elementor-widget-container\">\n\t\t\t\t\t\t\t\t\t\t\t\t\t\t\t<img loading=\"lazy\" decoding=\"async\" width=\"512\" height=\"512\" src=\"https:\/\/feronarts.com\/wp-content\/uploads\/2024\/07\/cropped-e.png\" class=\"attachment-large size-large wp-image-2061\" alt=\"\" srcset=\"https:\/\/feronarts.com\/wp-content\/uploads\/2024\/07\/cropped-e.png 512w, https:\/\/feronarts.com\/wp-content\/uploads\/2024\/07\/cropped-e-300x300.png 300w, https:\/\/feronarts.com\/wp-content\/uploads\/2024\/07\/cropped-e-150x150.png 150w\" sizes=\"(max-width: 512px) 100vw, 512px\" \/>\t\t\t\t\t\t\t\t\t\t\t\t\t\t\t<\/div>\n\t\t\t\t<\/div>\n\t\t\t\t<div class=\"elementor-element elementor-element-145ea23 elementor-widget elementor-widget-image\" data-id=\"145ea23\" data-element_type=\"widget\" data-e-type=\"widget\" data-widget_type=\"image.default\">\n\t\t\t\t<div class=\"elementor-widget-container\">\n\t\t\t\t\t\t\t\t\t\t\t\t\t\t\t<img loading=\"lazy\" decoding=\"async\" width=\"707\" height=\"1024\" src=\"https:\/\/feronarts.com\/wp-content\/uploads\/2024\/08\/logo-pole-musical-fourmies-707x1024.jpg\" class=\"attachment-large size-large wp-image-2544\" alt=\"\" srcset=\"https:\/\/feronarts.com\/wp-content\/uploads\/2024\/08\/logo-pole-musical-fourmies-707x1024.jpg 707w, https:\/\/feronarts.com\/wp-content\/uploads\/2024\/08\/logo-pole-musical-fourmies-207x300.jpg 207w, https:\/\/feronarts.com\/wp-content\/uploads\/2024\/08\/logo-pole-musical-fourmies.jpg 761w\" sizes=\"(max-width: 707px) 100vw, 707px\" \/>\t\t\t\t\t\t\t\t\t\t\t\t\t\t\t<\/div>\n\t\t\t\t<\/div>\n\t\t\t\t<div class=\"elementor-element elementor-element-a107555 elementor-widget elementor-widget-image\" data-id=\"a107555\" data-element_type=\"widget\" data-e-type=\"widget\" data-widget_type=\"image.default\">\n\t\t\t\t<div class=\"elementor-widget-container\">\n\t\t\t\t\t\t\t\t\t\t\t\t\t\t\t<img loading=\"lazy\" decoding=\"async\" width=\"520\" height=\"224\" src=\"https:\/\/feronarts.com\/wp-content\/uploads\/2024\/08\/logo-232u.jpg\" class=\"attachment-large size-large wp-image-2551\" alt=\"\" srcset=\"https:\/\/feronarts.com\/wp-content\/uploads\/2024\/08\/logo-232u.jpg 520w, https:\/\/feronarts.com\/wp-content\/uploads\/2024\/08\/logo-232u-300x129.jpg 300w\" sizes=\"(max-width: 520px) 100vw, 520px\" \/>\t\t\t\t\t\t\t\t\t\t\t\t\t\t\t<\/div>\n\t\t\t\t<\/div>\n\t\t\t\t<div class=\"elementor-element elementor-element-9cfcc90 elementor-widget elementor-widget-image\" data-id=\"9cfcc90\" data-element_type=\"widget\" data-e-type=\"widget\" data-widget_type=\"image.default\">\n\t\t\t\t<div class=\"elementor-widget-container\">\n\t\t\t\t\t\t\t\t\t\t\t\t\t\t\t<img loading=\"lazy\" decoding=\"async\" width=\"693\" height=\"288\" src=\"https:\/\/feronarts.com\/wp-content\/uploads\/2024\/08\/logo-rose-des-vents.jpg\" class=\"attachment-large size-large wp-image-2575\" alt=\"\" srcset=\"https:\/\/feronarts.com\/wp-content\/uploads\/2024\/08\/logo-rose-des-vents.jpg 693w, https:\/\/feronarts.com\/wp-content\/uploads\/2024\/08\/logo-rose-des-vents-300x125.jpg 300w\" sizes=\"(max-width: 693px) 100vw, 693px\" \/>\t\t\t\t\t\t\t\t\t\t\t\t\t\t\t<\/div>\n\t\t\t\t<\/div>\n\t\t\t\t<\/div>\n\t\t\t\t\t<\/div>\n\t\t\t\t<\/div>\n\t\t<div class=\"elementor-element elementor-element-fe60355 e-flex e-con-boxed e-con e-parent\" data-id=\"fe60355\" data-element_type=\"container\" data-e-type=\"container\" data-settings=\"{&quot;background_background&quot;:&quot;classic&quot;}\">\n\t\t\t\t\t<div class=\"e-con-inner\">\n\t\t\t\t<div class=\"elementor-element elementor-element-f812512 elementor-widget elementor-widget-html\" data-id=\"f812512\" data-element_type=\"widget\" data-e-type=\"widget\" data-widget_type=\"html.default\">\n\t\t\t\t<div class=\"elementor-widget-container\">\n\t\t\t\t\t<h2 style=\"font-family: 'bely-display'; text-transform: uppercase; color: #383f4c; \/*background-color: #e7450f; *\/ padding: 5px 10px; width: fit-content; transform: rotate(-.3deg);\">Nos M\u00e9c\u00e8nes :<\/h2>\t\t\t\t<\/div>\n\t\t\t\t<\/div>\n\t\t<div class=\"elementor-element elementor-element-09b82ce e-grid e-con-full e-con e-child\" data-id=\"09b82ce\" data-element_type=\"container\" data-e-type=\"container\">\n\t\t\t\t<div class=\"elementor-element elementor-element-824e65f elementor-widget elementor-widget-image\" data-id=\"824e65f\" data-element_type=\"widget\" data-e-type=\"widget\" data-widget_type=\"image.default\">\n\t\t\t\t<div class=\"elementor-widget-container\">\n\t\t\t\t\t\t\t\t\t\t\t\t\t\t\t<img loading=\"lazy\" decoding=\"async\" width=\"800\" height=\"345\" src=\"https:\/\/feronarts.com\/wp-content\/uploads\/2024\/08\/logo_Mathis_construction-CMJN.jpg\" class=\"attachment-large size-large wp-image-2404\" alt=\"\" srcset=\"https:\/\/feronarts.com\/wp-content\/uploads\/2024\/08\/logo_Mathis_construction-CMJN.jpg 804w, https:\/\/feronarts.com\/wp-content\/uploads\/2024\/08\/logo_Mathis_construction-CMJN-300x129.jpg 300w, https:\/\/feronarts.com\/wp-content\/uploads\/2024\/08\/logo_Mathis_construction-CMJN-768x331.jpg 768w\" sizes=\"(max-width: 800px) 100vw, 800px\" \/>\t\t\t\t\t\t\t\t\t\t\t\t\t\t\t<\/div>\n\t\t\t\t<\/div>\n\t\t\t\t<div class=\"elementor-element elementor-element-fefda0e elementor-widget elementor-widget-image\" data-id=\"fefda0e\" data-element_type=\"widget\" data-e-type=\"widget\" data-widget_type=\"image.default\">\n\t\t\t\t<div class=\"elementor-widget-container\">\n\t\t\t\t\t\t\t\t\t\t\t\t\t\t\t<img loading=\"lazy\" decoding=\"async\" width=\"800\" height=\"356\" src=\"https:\/\/feronarts.com\/wp-content\/uploads\/2024\/08\/logo-spie-batignolles.png\" class=\"attachment-large size-large wp-image-2408\" alt=\"\" srcset=\"https:\/\/feronarts.com\/wp-content\/uploads\/2024\/08\/logo-spie-batignolles.png 936w, https:\/\/feronarts.com\/wp-content\/uploads\/2024\/08\/logo-spie-batignolles-300x134.png 300w, https:\/\/feronarts.com\/wp-content\/uploads\/2024\/08\/logo-spie-batignolles-768x342.png 768w\" sizes=\"(max-width: 800px) 100vw, 800px\" \/>\t\t\t\t\t\t\t\t\t\t\t\t\t\t\t<\/div>\n\t\t\t\t<\/div>\n\t\t\t\t<div class=\"elementor-element elementor-element-779b6a1 elementor-widget elementor-widget-image\" data-id=\"779b6a1\" data-element_type=\"widget\" data-e-type=\"widget\" data-widget_type=\"image.default\">\n\t\t\t\t<div class=\"elementor-widget-container\">\n\t\t\t\t\t\t\t\t\t\t\t\t\t\t\t<img loading=\"lazy\" decoding=\"async\" width=\"800\" height=\"316\" src=\"https:\/\/feronarts.com\/wp-content\/uploads\/2024\/08\/Logo-GCC-Construction-AURECA_Web-1024x404.png\" class=\"attachment-large size-large wp-image-2406\" alt=\"\" srcset=\"https:\/\/feronarts.com\/wp-content\/uploads\/2024\/08\/Logo-GCC-Construction-AURECA_Web-1024x404.png 1024w, https:\/\/feronarts.com\/wp-content\/uploads\/2024\/08\/Logo-GCC-Construction-AURECA_Web-300x118.png 300w, https:\/\/feronarts.com\/wp-content\/uploads\/2024\/08\/Logo-GCC-Construction-AURECA_Web-768x303.png 768w, https:\/\/feronarts.com\/wp-content\/uploads\/2024\/08\/Logo-GCC-Construction-AURECA_Web.png 1459w\" sizes=\"(max-width: 800px) 100vw, 800px\" \/>\t\t\t\t\t\t\t\t\t\t\t\t\t\t\t<\/div>\n\t\t\t\t<\/div>\n\t\t\t\t<div class=\"elementor-element elementor-element-f982cae elementor-widget elementor-widget-image\" data-id=\"f982cae\" data-element_type=\"widget\" data-e-type=\"widget\" data-widget_type=\"image.default\">\n\t\t\t\t<div class=\"elementor-widget-container\">\n\t\t\t\t\t\t\t\t\t\t\t\t\t\t\t<img loading=\"lazy\" decoding=\"async\" width=\"350\" height=\"158\" src=\"https:\/\/feronarts.com\/wp-content\/uploads\/2024\/08\/logoACMT-marron-structures-metalliques.png\" class=\"attachment-large size-large wp-image-2405\" alt=\"\" srcset=\"https:\/\/feronarts.com\/wp-content\/uploads\/2024\/08\/logoACMT-marron-structures-metalliques.png 350w, https:\/\/feronarts.com\/wp-content\/uploads\/2024\/08\/logoACMT-marron-structures-metalliques-300x135.png 300w\" sizes=\"(max-width: 350px) 100vw, 350px\" \/>\t\t\t\t\t\t\t\t\t\t\t\t\t\t\t<\/div>\n\t\t\t\t<\/div>\n\t\t\t\t<div class=\"elementor-element elementor-element-8deb5a0 elementor-widget elementor-widget-image\" data-id=\"8deb5a0\" data-element_type=\"widget\" data-e-type=\"widget\" data-widget_type=\"image.default\">\n\t\t\t\t<div class=\"elementor-widget-container\">\n\t\t\t\t\t\t\t\t\t\t\t\t\t\t\t<img loading=\"lazy\" decoding=\"async\" width=\"194\" height=\"80\" src=\"https:\/\/feronarts.com\/wp-content\/uploads\/2024\/08\/logolefebvre_c.png\" class=\"attachment-large size-large wp-image-2407\" alt=\"\" \/>\t\t\t\t\t\t\t\t\t\t\t\t\t\t\t<\/div>\n\t\t\t\t<\/div>\n\t\t\t\t<div class=\"elementor-element elementor-element-247d04a elementor-widget elementor-widget-image\" data-id=\"247d04a\" data-element_type=\"widget\" data-e-type=\"widget\" data-widget_type=\"image.default\">\n\t\t\t\t<div class=\"elementor-widget-container\">\n\t\t\t\t\t\t\t\t\t\t\t\t\t\t\t<img loading=\"lazy\" decoding=\"async\" width=\"613\" height=\"613\" src=\"https:\/\/feronarts.com\/wp-content\/uploads\/2024\/08\/300281667_505700644889539_4617154021191678345_n.jpg\" class=\"attachment-large size-large wp-image-2401\" alt=\"\" srcset=\"https:\/\/feronarts.com\/wp-content\/uploads\/2024\/08\/300281667_505700644889539_4617154021191678345_n.jpg 613w, https:\/\/feronarts.com\/wp-content\/uploads\/2024\/08\/300281667_505700644889539_4617154021191678345_n-300x300.jpg 300w, https:\/\/feronarts.com\/wp-content\/uploads\/2024\/08\/300281667_505700644889539_4617154021191678345_n-150x150.jpg 150w\" sizes=\"(max-width: 613px) 100vw, 613px\" \/>\t\t\t\t\t\t\t\t\t\t\t\t\t\t\t<\/div>\n\t\t\t\t<\/div>\n\t\t\t\t<\/div>\n\t\t\t\t\t<\/div>\n\t\t\t\t<\/div>\n\t\t\t\t<\/div>\n\t\t","protected":false},"excerpt":{"rendered":"<p>Devenir m\u00e9c\u00e8ne : pourquoi s&rsquo;engager ? Avec son festival \u00e9clectique, Les F\u00e9ron\u2019Arts se battent chaque ann\u00e9e pour maintenir \u00e0 l\u2019\u00e9quilibre son budget en pr\u00e9servant les valeurs qu\u2019elle d\u00e9fend \u00e0 l\u2019ann\u00e9e \u00e0 travers ses divers \u00e9v\u00e9nements et actions. Ann\u00e9e apr\u00e8s ann\u00e9e, la r\u00e9ussite du Festival F\u00e9ron\u2019Arts doit beaucoup \u00e0 son unicit\u00e9, au s\u00e9rieux des \u00e9quipes d\u2019organisation, [&hellip;]<\/p>\n","protected":false},"author":1,"featured_media":0,"parent":0,"menu_order":0,"comment_status":"closed","ping_status":"closed","template":"","meta":{"footnotes":""},"class_list":["post-412","page","type-page","status-publish","hentry"],"_links":{"self":[{"href":"https:\/\/feronarts.com\/index.php\/wp-json\/wp\/v2\/pages\/412","targetHints":{"allow":["GET"]}}],"collection":[{"href":"https:\/\/feronarts.com\/index.php\/wp-json\/wp\/v2\/pages"}],"about":[{"href":"https:\/\/feronarts.com\/index.php\/wp-json\/wp\/v2\/types\/page"}],"author":[{"embeddable":true,"href":"https:\/\/feronarts.com\/index.php\/wp-json\/wp\/v2\/users\/1"}],"replies":[{"embeddable":true,"href":"https:\/\/feronarts.com\/index.php\/wp-json\/wp\/v2\/comments?post=412"}],"version-history":[{"count":131,"href":"https:\/\/feronarts.com\/index.php\/wp-json\/wp\/v2\/pages\/412\/revisions"}],"predecessor-version":[{"id":2696,"href":"https:\/\/feronarts.com\/index.php\/wp-json\/wp\/v2\/pages\/412\/revisions\/2696"}],"wp:attachment":[{"href":"https:\/\/feronarts.com\/index.php\/wp-json\/wp\/v2\/media?parent=412"}],"curies":[{"name":"wp","href":"https:\/\/api.w.org\/{rel}","templated":true}]}}